{"id":2747,"date":"2024-06-20T07:29:19","date_gmt":"2024-06-20T07:29:19","guid":{"rendered":"https:\/\/bargo-realestate.com\/?page_id=2747"},"modified":"2024-07-31T10:17:03","modified_gmt":"2024-07-31T10:17:03","slug":"secondary-properties","status":"publish","type":"page","link":"https:\/\/bargo-realestate.com\/fr\/secondary-properties\/","title":{"rendered":"propri\u00e9t\u00e9s secondaires"},"content":{"rendered":"<div data-elementor-type=\"wp-page\" data-elementor-id=\"2747\" class=\"elementor elementor-2747\" data-elementor-post-type=\"page\">\n\t\t\t\t<div class=\"elementor-element elementor-element-f133d48 e-grid e-con-boxed e-con e-parent\" data-id=\"f133d48\" data-element_type=\"container\" data-e-type=\"container\">\n\t\t\t\t\t<div class=\"e-con-inner\">\n\t\t\t\t<div class=\"elementor-element elementor-element-58adb29 elementor-widget__width-initial elementor-widget elementor-widget-tp-heading\" data-id=\"58adb29\" data-element_type=\"widget\" data-e-type=\"widget\" data-widget_type=\"tp-heading.default\">\n\t\t\t\t<div class=\"elementor-widget-container\">\n\t\t\t\t\t\r\n\t\t\r\n            <div class=\"section-title\">\r\n\r\n                \r\n                \r\n                                    <p class=\"desc\">Chez Bargo Real Estate, nous sommes fiers d'offrir un portefeuille diversifi\u00e9 de propri\u00e9t\u00e9s secondaires aux \u00c9mirats arabes unis et \u00e0 Duba\u00ef, r\u00e9pondant \u00e0 un large \u00e9ventail de pr\u00e9f\u00e9rences et d'objectifs d'investissement. Notre vaste collection comprend des r\u00e9sidences luxueuses, des espaces commerciaux de premier ordre et des communaut\u00e9s planifi\u00e9es, chacune con\u00e7ue pour r\u00e9pondre aux besoins uniques de notre client\u00e8le exigeante.\n\nDuba\u00ef est une ville connue pour son mode de vie dynamique, ses merveilles architecturales et son march\u00e9 immobilier dynamique. Chez Bargo Real Estate, nous comprenons l'importance de trouver la propri\u00e9t\u00e9 parfaite qui correspond \u00e0 votre vision, que vous soyez \u00e0 la recherche d'une retraite sereine, d'un environnement urbain anim\u00e9 ou d'une opportunit\u00e9 d'investissement lucrative. Notre portefeuille comprend certains des lieux les plus recherch\u00e9s de Duba\u00ef, ce qui nous permet de proposer des options qui r\u00e9pondent \u00e0 diff\u00e9rents go\u00fbts et exigences.\nNos propri\u00e9t\u00e9s r\u00e9sidentielles offrent une exp\u00e9rience de vie in\u00e9gal\u00e9e, avec des caract\u00e9ristiques telles qu'une architecture moderne, des finitions haut de gamme et des \u00e9quipements exclusifs. Que vous soyez \u00e0 la recherche d'une r\u00e9sidence en bord de mer avec une vue imprenable, d'un appartement contemporain dans une communaut\u00e9 dynamique ou d'une maison de ville luxueuse dans un cadre serein, Bargo Real Estate a la maison id\u00e9ale pour vous. Chaque propri\u00e9t\u00e9 est con\u00e7ue avec soin pour offrir un m\u00e9lange de confort, de style et de commodit\u00e9, cr\u00e9ant ainsi un environnement id\u00e9al pour vous et votre famille.<\/p>\r\n                \r\n            <\/div>\r\n\r\n        \r\n        \t\t\t\t<\/div>\n\t\t\t\t<\/div>\n\t\t\t\t<div class=\"elementor-element elementor-element-5960405 elementor-widget__width-initial elementor-widget elementor-widget-image\" data-id=\"5960405\" data-element_type=\"widget\" data-e-type=\"widget\" data-widget_type=\"image.default\">\n\t\t\t\t<div class=\"elementor-widget-container\">\n\t\t\t\t\t\t\t\t\t\t\t\t\t\t\t<img fetchpriority=\"high\" decoding=\"async\" width=\"1000\" height=\"600\" src=\"https:\/\/bargo-realestate.com\/wp-content\/uploads\/2024\/07\/b-02-01-jpg.webp\" class=\"attachment-full size-full wp-image-8082 not-transparent\" alt=\"secondary properties in UAE\" srcset=\"https:\/\/bargo-realestate.com\/wp-content\/uploads\/2024\/07\/b-02-01-jpg.webp 1000w, https:\/\/bargo-realestate.com\/wp-content\/uploads\/2024\/07\/b-02-01-300x180.webp 300w, https:\/\/bargo-realestate.com\/wp-content\/uploads\/2024\/07\/b-02-01-768x461.webp 768w\" sizes=\"(max-width: 1000px) 100vw, 1000px\" data-has-transparency=\"false\" data-dominant-color=\"3f312a\" style=\"--dominant-color: #3f312a\" \/>\t\t\t\t\t\t\t\t\t\t\t\t\t\t\t<\/div>\n\t\t\t\t<\/div>\n\t\t\t\t\t<\/div>\n\t\t\t\t<\/div>\n\t\t<div class=\"elementor-element elementor-element-4b746af e-flex e-con-boxed e-con e-parent\" data-id=\"4b746af\" data-element_type=\"container\" data-e-type=\"container\">\n\t\t\t\t\t<div class=\"e-con-inner\">\n\t\t\t\t<div class=\"elementor-element elementor-element-6a687dc elementor-widget elementor-widget-shortcode\" data-id=\"6a687dc\" data-element_type=\"widget\" data-e-type=\"widget\" data-widget_type=\"shortcode.default\">\n\t\t\t\t<div class=\"elementor-widget-container\">\n\t\t\t\t\t\t\t<div class=\"elementor-shortcode\">\n\t\t\t\t<form action=\"\" method=\"post\" class=\"searchandfilter\" data-trp-original-action=\"\">\n\t\t\t\t\t<div><ul><li><input type=\"text\" name=\"ofsearch\" placeholder=\"Recherche ...\" value=\"\"><\/li><li><select  name='ofprop_cat' id='ofprop_cat' class='postform'>\n\t<option value='0' selected='selected'>Tous les biens Cat\u00e9gorie<\/option>\n\t<option class=\"level-0\" value=\"174\">appartements<\/option>\n\t<option class=\"level-0\" value=\"304\">studios<\/option>\n<\/select>\n<input type=\"hidden\" name=\"ofprop_cat_operator\" value=\"and\" \/><\/li><li><select  name='ofproperty-location' id='ofproperty-location' class='postform'>\n\t<option value='0' selected='selected'>Tous les sites<\/option>\n\t<option class=\"level-0\" value=\"152\">Duba\u00ef-\u00c9mirats arabes unis<\/option>\n<\/select>\n<input type=\"hidden\" name=\"ofproperty-location_operator\" value=\"and\" \/><\/li><li><select  name='ofproperty-stat' id='ofproperty-stat' class='postform'>\n\t<option value='0' selected='selected'>Tous les statuts de propri\u00e9t\u00e9<\/option>\n\t<option class=\"level-0\" value=\"244\">\u00e0 louer<\/option>\n\t<option class=\"level-0\" value=\"176\">\u00e0 vendre<\/option>\n<\/select>\n<input type=\"hidden\" name=\"ofproperty-stat_operator\" value=\"and\" \/><\/li><li><select  name='ofproperty-type' id='ofproperty-type' class='postform'>\n\t<option value='0' selected='selected'>Tous les types de biens<\/option>\n\t<option class=\"level-0\" value=\"177\">appartements<\/option>\n\t<option class=\"level-0\" value=\"354\">Penthouse<\/option>\n\t<option class=\"level-0\" value=\"178\">Magasin de d\u00e9tail<\/option>\n\t<option class=\"level-0\" value=\"305\">studio<\/option>\n<\/select>\n<input type=\"hidden\" name=\"ofproperty-type_operator\" value=\"and\" \/><\/li><li><input type=\"hidden\" id=\"_searchandfilter_nonce\" name=\"_searchandfilter_nonce\" value=\"504ba3c43e\" \/><input type=\"hidden\" name=\"_wp_http_referer\" value=\"\/fr\/wp-json\/wp\/v2\/pages\/2747\" \/><input type=\"hidden\" name=\"ofsubmitted\" value=\"1\"><input type=\"submit\" value=\"Soumettre\"><\/li><\/ul><\/div><input type=\"hidden\" name=\"trp-form-language\" value=\"fr\"\/><\/form>\n<\/div>\n\t\t\t\t\t\t<\/div>\n\t\t\t\t<\/div>\n\t\t\t\t<div class=\"elementor-element elementor-element-189394d elementor-posts--align-center elementor-grid-3 elementor-grid-tablet-2 elementor-grid-mobile-1 elementor-posts--thumbnail-top elementor-widget elementor-widget-posts\" data-id=\"189394d\" data-element_type=\"widget\" data-e-type=\"widget\" data-settings=\"{&quot;pagination_type&quot;:&quot;numbers&quot;,&quot;classic_columns&quot;:&quot;3&quot;,&quot;classic_columns_tablet&quot;:&quot;2&quot;,&quot;classic_columns_mobile&quot;:&quot;1&quot;,&quot;classic_row_gap&quot;:{&quot;unit&quot;:&quot;px&quot;,&quot;size&quot;:35,&quot;sizes&quot;:[]},&quot;classic_row_gap_tablet&quot;:{&quot;unit&quot;:&quot;px&quot;,&quot;size&quot;:&quot;&quot;,&quot;sizes&quot;:[]},&quot;classic_row_gap_mobile&quot;:{&quot;unit&quot;:&quot;px&quot;,&quot;size&quot;:&quot;&quot;,&quot;sizes&quot;:[]}}\" data-widget_type=\"posts.classic\">\n\t\t\t\t<div class=\"elementor-widget-container\">\n\t\t\t\t\t\t\t<div class=\"elementor-posts-container elementor-posts elementor-posts--skin-classic elementor-grid\" role=\"list\">\n\t\t\t\t<article class=\"elementor-post elementor-grid-item post-2890 property type-property status-publish has-post-thumbnail hentry prop_cat-apartments property-location-dubai-uae property-stat-for-sale property-type-apartments\" role=\"listitem\">\n\t\t\t\t<a class=\"elementor-post__thumbnail__link\" href=\"https:\/\/bargo-realestate.com\/fr\/property\/vida-residences-at-creek-beach\/\" tabindex=\"-1\" >\n\t\t\t<div class=\"elementor-post__thumbnail\"><img decoding=\"async\" width=\"653\" height=\"499\" src=\"https:\/\/bargo-realestate.com\/wp-content\/uploads\/2024\/06\/Vida-Residences-Creek-Beach-1-jpg.webp\" class=\"attachment-2048x2048 size-2048x2048 wp-image-7449 not-transparent\" alt=\"\" data-has-transparency=\"false\" data-dominant-color=\"80a0b5\" style=\"--dominant-color: #80a0b5\" srcset=\"https:\/\/bargo-realestate.com\/wp-content\/uploads\/2024\/06\/Vida-Residences-Creek-Beach-1-jpg.webp 653w, https:\/\/bargo-realestate.com\/wp-content\/uploads\/2024\/06\/Vida-Residences-Creek-Beach-1-jpg-300x229.webp 300w\" sizes=\"(max-width: 653px) 100vw, 653px\" \/><\/div>\n\t\t<\/a>\n\t\t\t\t<div class=\"elementor-post__text\">\n\t\t\t\t<h3 class=\"elementor-post__title\">\n\t\t\t<a href=\"https:\/\/bargo-realestate.com\/fr\/property\/vida-residences-at-creek-beach\/\" >\n\t\t\t\tR\u00e9sidences Vida \u00e0 Creek Beach\t\t\t<\/a>\n\t\t<\/h3>\n\t\t\t\t<div class=\"elementor-post__excerpt\">\n\t\t\t<p>Spectaculairement situ\u00e9e sur la plage, VIDA RESIDENCES at CREEK BEACH - est une tour de 33 \u00e9tages, adjacente \u00e0 l'h\u00f4tel Vida prim\u00e9. La tour<\/p>\n\t\t<\/div>\n\t\t\t\t\t<div class=\"elementor-post__read-more-wrapper\">\n\t\t\n\t\t<a class=\"elementor-post__read-more\" href=\"https:\/\/bargo-realestate.com\/fr\/property\/vida-residences-at-creek-beach\/\" aria-label=\"En savoir plus sur Vida Residences at Creek Beach\" tabindex=\"-1\" >\n\t\t\tLire plus \"\t\t<\/a>\n\n\t\t\t\t\t<\/div>\n\t\t\t\t<\/div>\n\t\t\t\t<\/article>\n\t\t\t\t<article class=\"elementor-post elementor-grid-item post-2985 property type-property status-publish has-post-thumbnail hentry prop_cat-apartments property-location-dubai-uae property-type-retail-shop\" role=\"listitem\">\n\t\t\t\t<a class=\"elementor-post__thumbnail__link\" href=\"https:\/\/bargo-realestate.com\/fr\/property\/azizi-riviera-retail-shop\/\" tabindex=\"-1\" >\n\t\t\t<div class=\"elementor-post__thumbnail\"><img decoding=\"async\" width=\"500\" height=\"500\" src=\"https:\/\/bargo-realestate.com\/wp-content\/uploads\/2024\/06\/500x500-riviera-retails.jpg\" class=\"attachment-2048x2048 size-2048x2048 wp-image-3008 not-transparent\" alt=\"Bargo real estate\" data-has-transparency=\"false\" data-dominant-color=\"867f7b\" style=\"--dominant-color: #867f7b\" srcset=\"https:\/\/bargo-realestate.com\/wp-content\/uploads\/2024\/06\/500x500-riviera-retails.jpg 500w, https:\/\/bargo-realestate.com\/wp-content\/uploads\/2024\/06\/500x500-riviera-retails-300x300.webp 300w, https:\/\/bargo-realestate.com\/wp-content\/uploads\/2024\/06\/500x500-riviera-retails-150x150.webp 150w\" sizes=\"(max-width: 500px) 100vw, 500px\" \/><\/div>\n\t\t<\/a>\n\t\t\t\t<div class=\"elementor-post__text\">\n\t\t\t\t<h3 class=\"elementor-post__title\">\n\t\t\t<a href=\"https:\/\/bargo-realestate.com\/fr\/property\/azizi-riviera-retail-shop\/\" >\n\t\t\t\tAZIZI RIVIERA RETAIL SHOP\t\t\t<\/a>\n\t\t<\/h3>\n\t\t\t\t<div class=\"elementor-post__excerpt\">\n\t\t\t<p>Azizi Riviera 29 \u00e0 Meydan One par Azizi Developments \u00e0 Meydan One, une superbe opportunit\u00e9 de revente hors plan disponible pour investir dans un magasin de d\u00e9tail de premier ordre sur le site de Meydan One.<\/p>\n\t\t<\/div>\n\t\t\t\t\t<div class=\"elementor-post__read-more-wrapper\">\n\t\t\n\t\t<a class=\"elementor-post__read-more\" href=\"https:\/\/bargo-realestate.com\/fr\/property\/azizi-riviera-retail-shop\/\" aria-label=\"En savoir plus sur AZIZI RIVIERA RETAIL SHOP\" tabindex=\"-1\" >\n\t\t\tLire plus \"\t\t<\/a>\n\n\t\t\t\t\t<\/div>\n\t\t\t\t<\/div>\n\t\t\t\t<\/article>\n\t\t\t\t<article class=\"elementor-post elementor-grid-item post-3014 property type-property status-publish has-post-thumbnail hentry prop_cat-apartments property-location-dubai-uae\" role=\"listitem\">\n\t\t\t\t<a class=\"elementor-post__thumbnail__link\" href=\"https:\/\/bargo-realestate.com\/fr\/property\/mag-eye\/\" tabindex=\"-1\" >\n\t\t\t<div class=\"elementor-post__thumbnail\"><img loading=\"lazy\" decoding=\"async\" width=\"900\" height=\"900\" src=\"https:\/\/bargo-realestate.com\/wp-content\/uploads\/2024\/06\/Mag-Eye-07.png\" class=\"attachment-2048x2048 size-2048x2048 wp-image-3030\" alt=\"Bargo real estate\" srcset=\"https:\/\/bargo-realestate.com\/wp-content\/uploads\/2024\/06\/Mag-Eye-07.png 900w, https:\/\/bargo-realestate.com\/wp-content\/uploads\/2024\/06\/Mag-Eye-07-300x300.png 300w, https:\/\/bargo-realestate.com\/wp-content\/uploads\/2024\/06\/Mag-Eye-07-150x150.png 150w, https:\/\/bargo-realestate.com\/wp-content\/uploads\/2024\/06\/Mag-Eye-07-768x768.png 768w\" sizes=\"(max-width: 900px) 100vw, 900px\" \/><\/div>\n\t\t<\/a>\n\t\t\t\t<div class=\"elementor-post__text\">\n\t\t\t\t<h3 class=\"elementor-post__title\">\n\t\t\t<a href=\"https:\/\/bargo-realestate.com\/fr\/property\/mag-eye\/\" >\n\t\t\t\tMAG Communaut\u00e9 de l'\u0153il\t\t\t<\/a>\n\t\t<\/h3>\n\t\t\t\t<div class=\"elementor-post__excerpt\">\n\t\t\t<p>Superbe maison de ville de 3 chambres \u00e0 louer dans la prestigieuse communaut\u00e9 MAG Eye au sein de Dubai Hills Estate. Cette spacieuse propri\u00e9t\u00e9 de 1400 m\u00b2 offre une vue sereine sur la communaut\u00e9.<\/p>\n\t\t<\/div>\n\t\t\t\t\t<div class=\"elementor-post__read-more-wrapper\">\n\t\t\n\t\t<a class=\"elementor-post__read-more\" href=\"https:\/\/bargo-realestate.com\/fr\/property\/mag-eye\/\" aria-label=\"En savoir plus sur MAG Eye community\" tabindex=\"-1\" >\n\t\t\tLire plus \"\t\t<\/a>\n\n\t\t\t\t\t<\/div>\n\t\t\t\t<\/div>\n\t\t\t\t<\/article>\n\t\t\t\t<article class=\"elementor-post elementor-grid-item post-3469 property type-property status-publish has-post-thumbnail hentry prop_cat-apartments property-location-dubai-uae property-stat-for-sale property-type-apartments\" role=\"listitem\">\n\t\t\t\t<a class=\"elementor-post__thumbnail__link\" href=\"https:\/\/bargo-realestate.com\/fr\/property\/jumeirah-gate-tower-1-2\/\" tabindex=\"-1\" >\n\t\t\t<div class=\"elementor-post__thumbnail\"><img loading=\"lazy\" decoding=\"async\" width=\"833\" height=\"768\" src=\"https:\/\/bargo-realestate.com\/wp-content\/uploads\/2024\/06\/413233443-1-jpg.webp\" class=\"attachment-2048x2048 size-2048x2048 wp-image-7451 not-transparent\" alt=\"\" data-has-transparency=\"false\" data-dominant-color=\"78a8c8\" style=\"--dominant-color: #78a8c8\" srcset=\"https:\/\/bargo-realestate.com\/wp-content\/uploads\/2024\/06\/413233443-1-jpg.webp 833w, https:\/\/bargo-realestate.com\/wp-content\/uploads\/2024\/06\/413233443-1-jpg-300x277.webp 300w, https:\/\/bargo-realestate.com\/wp-content\/uploads\/2024\/06\/413233443-1-jpg-768x708.webp 768w\" sizes=\"(max-width: 833px) 100vw, 833px\" \/><\/div>\n\t\t<\/a>\n\t\t\t\t<div class=\"elementor-post__text\">\n\t\t\t\t<h3 class=\"elementor-post__title\">\n\t\t\t<a href=\"https:\/\/bargo-realestate.com\/fr\/property\/jumeirah-gate-tower-1-2\/\" >\n\t\t\t\tJumeirah Gate Tower 1\t\t\t<\/a>\n\t\t<\/h3>\n\t\t\t\t<div class=\"elementor-post__excerpt\">\n\t\t\t<p>Situ\u00e9 \u00e0 Duba\u00ef, \u00e0 10 minutes de marche de Hidden Beach et \u00e0 0,7 miles de Marina Beach, 1 BR Luxury Apartment in Jumeirah Gate Tower 1 The<\/p>\n\t\t<\/div>\n\t\t\t\t\t<div class=\"elementor-post__read-more-wrapper\">\n\t\t\n\t\t<a class=\"elementor-post__read-more\" href=\"https:\/\/bargo-realestate.com\/fr\/property\/jumeirah-gate-tower-1-2\/\" aria-label=\"En savoir plus sur Jumeirah Gate Tower 1\" tabindex=\"-1\" >\n\t\t\tLire plus \"\t\t<\/a>\n\n\t\t\t\t\t<\/div>\n\t\t\t\t<\/div>\n\t\t\t\t<\/article>\n\t\t\t\t<article class=\"elementor-post elementor-grid-item post-3770 property type-property status-publish has-post-thumbnail hentry prop_cat-apartments property-location-dubai-uae property-stat-for-sale property-type-apartments\" role=\"listitem\">\n\t\t\t\t<a class=\"elementor-post__thumbnail__link\" href=\"https:\/\/bargo-realestate.com\/fr\/property\/dream-tower-dubai-marina\/\" tabindex=\"-1\" >\n\t\t\t<div class=\"elementor-post__thumbnail\"><img loading=\"lazy\" decoding=\"async\" width=\"1600\" height=\"1067\" src=\"https:\/\/bargo-realestate.com\/wp-content\/uploads\/2024\/07\/WhatsApp-Image-2024-07-02-at-3.47.30-PM-jpeg.webp\" class=\"attachment-2048x2048 size-2048x2048 wp-image-3771 not-transparent\" alt=\"Bargo real estate\" data-has-transparency=\"false\" data-dominant-color=\"808a88\" style=\"--dominant-color: #808a88\" srcset=\"https:\/\/bargo-realestate.com\/wp-content\/uploads\/2024\/07\/WhatsApp-Image-2024-07-02-at-3.47.30-PM-jpeg.webp 1600w, https:\/\/bargo-realestate.com\/wp-content\/uploads\/2024\/07\/WhatsApp-Image-2024-07-02-at-3.47.30-PM-jpeg-300x200.webp 300w, https:\/\/bargo-realestate.com\/wp-content\/uploads\/2024\/07\/WhatsApp-Image-2024-07-02-at-3.47.30-PM-jpeg-1024x683.webp 1024w, https:\/\/bargo-realestate.com\/wp-content\/uploads\/2024\/07\/WhatsApp-Image-2024-07-02-at-3.47.30-PM-jpeg-768x512.webp 768w, https:\/\/bargo-realestate.com\/wp-content\/uploads\/2024\/07\/WhatsApp-Image-2024-07-02-at-3.47.30-PM-jpeg-1536x1024.webp 1536w\" sizes=\"(max-width: 1600px) 100vw, 1600px\" \/><\/div>\n\t\t<\/a>\n\t\t\t\t<div class=\"elementor-post__text\">\n\t\t\t\t<h3 class=\"elementor-post__title\">\n\t\t\t<a href=\"https:\/\/bargo-realestate.com\/fr\/property\/dream-tower-dubai-marina\/\" >\n\t\t\t\tDream Tower | Dubai Marina\t\t\t<\/a>\n\t\t<\/h3>\n\t\t\t\t<div class=\"elementor-post__excerpt\">\n\t\t\t<p>Dream Tower est un projet r\u00e9sidentiel embl\u00e9matique situ\u00e9 au c\u0153ur de la marina de Duba\u00ef, l'une des plus prestigieuses communaut\u00e9s riveraines de Duba\u00ef. Ce luxueux<\/p>\n\t\t<\/div>\n\t\t\t\t\t<div class=\"elementor-post__read-more-wrapper\">\n\t\t\n\t\t<a class=\"elementor-post__read-more\" href=\"https:\/\/bargo-realestate.com\/fr\/property\/dream-tower-dubai-marina\/\" aria-label=\"En savoir plus sur Dream Tower | Dubai Marina\" tabindex=\"-1\" >\n\t\t\tLire plus \"\t\t<\/a>\n\n\t\t\t\t\t<\/div>\n\t\t\t\t<\/div>\n\t\t\t\t<\/article>\n\t\t\t\t<article class=\"elementor-post elementor-grid-item post-4037 property type-property status-publish has-post-thumbnail hentry prop_cat-apartments property-location-dubai-uae property-stat-for-sale property-type-apartments\" role=\"listitem\">\n\t\t\t\t<a class=\"elementor-post__thumbnail__link\" href=\"https:\/\/bargo-realestate.com\/fr\/property\/beach-isle-t1\/\" tabindex=\"-1\" >\n\t\t\t<div class=\"elementor-post__thumbnail\"><img loading=\"lazy\" decoding=\"async\" width=\"870\" height=\"420\" src=\"https:\/\/bargo-realestate.com\/wp-content\/uploads\/2024\/07\/Emaar-Beachfront-South-Beach-Emaar-Properties-investindxbclub-1-870x420-1.jpg\" class=\"attachment-2048x2048 size-2048x2048 wp-image-7453 not-transparent\" alt=\"\" data-has-transparency=\"false\" data-dominant-color=\"545f6c\" style=\"--dominant-color: #545f6c\" srcset=\"https:\/\/bargo-realestate.com\/wp-content\/uploads\/2024\/07\/Emaar-Beachfront-South-Beach-Emaar-Properties-investindxbclub-1-870x420-1.jpg 870w, https:\/\/bargo-realestate.com\/wp-content\/uploads\/2024\/07\/Emaar-Beachfront-South-Beach-Emaar-Properties-investindxbclub-1-870x420-1-300x145.webp 300w, https:\/\/bargo-realestate.com\/wp-content\/uploads\/2024\/07\/Emaar-Beachfront-South-Beach-Emaar-Properties-investindxbclub-1-870x420-1-768x371.webp 768w\" sizes=\"(max-width: 870px) 100vw, 870px\" \/><\/div>\n\t\t<\/a>\n\t\t\t\t<div class=\"elementor-post__text\">\n\t\t\t\t<h3 class=\"elementor-post__title\">\n\t\t\t<a href=\"https:\/\/bargo-realestate.com\/fr\/property\/beach-isle-t1\/\" >\n\t\t\t\tBeach Isle T1\t\t\t<\/a>\n\t\t<\/h3>\n\t\t\t\t<div class=\"elementor-post__excerpt\">\n\t\t\t<p>D\u00e9couvrez la v\u00e9ritable signification d'une vie sophistiqu\u00e9e sur l'\u00eele la plus exclusive de Duba\u00ef, o\u00f9 le ciel bleu est une extension de la mer ouverte, o\u00f9 une vie exceptionnelle est possible.<\/p>\n\t\t<\/div>\n\t\t\t\t\t<div class=\"elementor-post__read-more-wrapper\">\n\t\t\n\t\t<a class=\"elementor-post__read-more\" href=\"https:\/\/bargo-realestate.com\/fr\/property\/beach-isle-t1\/\" aria-label=\"En savoir plus sur Beach Isle T1\" tabindex=\"-1\" >\n\t\t\tLire plus \"\t\t<\/a>\n\n\t\t\t\t\t<\/div>\n\t\t\t\t<\/div>\n\t\t\t\t<\/article>\n\t\t\t\t<\/div>\n\t\t\n\t\t\t\t<div class=\"e-load-more-anchor\" data-page=\"1\" data-max-page=\"2\" data-next-page=\"https:\/\/bargo-realestate.com\/fr\/wp-json\/wp\/v2\/pages\/2747\/page\/2\/\"><\/div>\n\t\t\t\t<nav class=\"elementor-pagination\" aria-label=\"Pagination\">\n\t\t\t<span aria-current=\"page\" class=\"page-numbers current\"><span class=\"elementor-screen-only\">Page<\/span>1<\/span>\n<a class=\"page-numbers\" href=\"https:\/\/bargo-realestate.com\/fr\/wp-json\/wp\/v2\/pages\/2747\/page\/2\/\"><span class=\"elementor-screen-only\">Page<\/span>2<\/a>\t\t<\/nav>\n\t\t\t\t\t\t<\/div>\n\t\t\t\t<\/div>\n\t\t\t\t\t<\/div>\n\t\t\t\t<\/div>\n\t\t\t\t<\/div>","protected":false},"excerpt":{"rendered":"<p>At Bargo Real Estate, we pride ourselves on offering a diverse portfolio of Secondary Properties in UAE ,Dubai , catering to a wide range of preferences and investment goals. Our extensive collection includes luxurious residences, prime commercial spaces, and master-planned communities, each designed to meet the unique needs of our discerning clientele. Dubai is a [&hellip;]<\/p>\n","protected":false},"author":1,"featured_media":0,"parent":0,"menu_order":0,"comment_status":"closed","ping_status":"closed","template":"elementor_header_footer","meta":{"_acf_changed":false,"_sitemap_exclude":false,"_sitemap_priority":"","_sitemap_frequency":"","footnotes":""},"class_list":["post-2747","page","type-page","status-publish","hentry"],"acf":[],"_links":{"self":[{"href":"https:\/\/bargo-realestate.com\/fr\/wp-json\/wp\/v2\/pages\/2747","targetHints":{"allow":["GET"]}}],"collection":[{"href":"https:\/\/bargo-realestate.com\/fr\/wp-json\/wp\/v2\/pages"}],"about":[{"href":"https:\/\/bargo-realestate.com\/fr\/wp-json\/wp\/v2\/types\/page"}],"author":[{"embeddable":true,"href":"https:\/\/bargo-realestate.com\/fr\/wp-json\/wp\/v2\/users\/1"}],"replies":[{"embeddable":true,"href":"https:\/\/bargo-realestate.com\/fr\/wp-json\/wp\/v2\/comments?post=2747"}],"version-history":[{"count":0,"href":"https:\/\/bargo-realestate.com\/fr\/wp-json\/wp\/v2\/pages\/2747\/revisions"}],"wp:attachment":[{"href":"https:\/\/bargo-realestate.com\/fr\/wp-json\/wp\/v2\/media?parent=2747"}],"curies":[{"name":"wp","href":"https:\/\/api.w.org\/{rel}","templated":true}]}}