{"id":2747,"date":"2024-06-20T07:29:19","date_gmt":"2024-06-20T07:29:19","guid":{"rendered":"https:\/\/bargo-realestate.com\/?page_id=2747"},"modified":"2024-07-31T10:17:03","modified_gmt":"2024-07-31T10:17:03","slug":"secondary-properties","status":"publish","type":"page","link":"https:\/\/bargo-realestate.com\/de\/secondary-properties\/","title":{"rendered":"Sekund\u00e4reigenschaften"},"content":{"rendered":"<div data-elementor-type=\"wp-page\" data-elementor-id=\"2747\" class=\"elementor elementor-2747\" data-elementor-post-type=\"page\">\n\t\t\t\t<div class=\"elementor-element elementor-element-f133d48 e-grid e-con-boxed e-con e-parent\" data-id=\"f133d48\" data-element_type=\"container\" data-e-type=\"container\">\n\t\t\t\t\t<div class=\"e-con-inner\">\n\t\t\t\t<div class=\"elementor-element elementor-element-58adb29 elementor-widget__width-initial elementor-widget elementor-widget-tp-heading\" data-id=\"58adb29\" data-element_type=\"widget\" data-e-type=\"widget\" data-widget_type=\"tp-heading.default\">\n\t\t\t\t<div class=\"elementor-widget-container\">\n\t\t\t\t\t\r\n\t\t\r\n            <div class=\"section-title\">\r\n\r\n                \r\n                \r\n                                    <p class=\"desc\">Wir von Bargo Real Estate sind stolz darauf, ein vielf\u00e4ltiges Portfolio an Sekund\u00e4rimmobilien in den Vereinigten Arabischen Emiraten, Dubai, anbieten zu k\u00f6nnen, das eine breite Palette von Pr\u00e4ferenzen und Investitionszielen abdeckt. Unsere umfangreiche Kollektion umfasst luxuri\u00f6se Wohnh\u00e4user, erstklassige Gewerbefl\u00e4chen und Masterplan-Gemeinschaften, die jeweils auf die einzigartigen Bed\u00fcrfnisse unserer anspruchsvollen Kundschaft zugeschnitten sind.\n\nDubai ist eine Stadt, die f\u00fcr ihren dynamischen Lebensstil, ihre architektonischen Wunderwerke und ihren pulsierenden Immobilienmarkt bekannt ist. Wir von Bargo Real Estate wissen, wie wichtig es ist, die perfekte Immobilie zu finden, die Ihren Vorstellungen entspricht, ganz gleich, ob Sie nach einem ruhigen R\u00fcckzugsort, einer gesch\u00e4ftigen st\u00e4dtischen Umgebung oder einer lukrativen Investitionsm\u00f6glichkeit suchen. Unser Portfolio umfasst einige der begehrtesten Standorte in Dubai, so dass wir Optionen f\u00fcr die unterschiedlichsten Geschm\u00e4cker und Anforderungen anbieten k\u00f6nnen.\nUnsere Wohnimmobilien bieten ein unvergleichliches Wohnerlebnis und zeichnen sich durch moderne Architektur, hochwertige Ausstattung und exklusive Annehmlichkeiten aus. Ganz gleich, ob Sie ein Haus am Wasser mit atemberaubender Aussicht, ein modernes Apartment in einer lebhaften Gemeinde oder ein luxuri\u00f6ses Stadthaus in einer ruhigen Umgebung suchen, Bargo Real Estate hat das perfekte Zuhause f\u00fcr Sie. Jede Immobilie wurde sorgf\u00e4ltig entworfen, um eine Mischung aus Komfort, Stil und Bequemlichkeit zu bieten und so eine ideale Umgebung f\u00fcr Sie und Ihre Familie zu schaffen.<\/p>\r\n                \r\n            <\/div>\r\n\r\n        \r\n        \t\t\t\t<\/div>\n\t\t\t\t<\/div>\n\t\t\t\t<div class=\"elementor-element elementor-element-5960405 elementor-widget__width-initial elementor-widget elementor-widget-image\" data-id=\"5960405\" data-element_type=\"widget\" data-e-type=\"widget\" data-widget_type=\"image.default\">\n\t\t\t\t<div class=\"elementor-widget-container\">\n\t\t\t\t\t\t\t\t\t\t\t\t\t\t\t<img fetchpriority=\"high\" decoding=\"async\" width=\"1000\" height=\"600\" src=\"https:\/\/bargo-realestate.com\/wp-content\/uploads\/2024\/07\/b-02-01-jpg.webp\" class=\"attachment-full size-full wp-image-8082 not-transparent\" alt=\"secondary properties in UAE\" srcset=\"https:\/\/bargo-realestate.com\/wp-content\/uploads\/2024\/07\/b-02-01-jpg.webp 1000w, https:\/\/bargo-realestate.com\/wp-content\/uploads\/2024\/07\/b-02-01-300x180.webp 300w, https:\/\/bargo-realestate.com\/wp-content\/uploads\/2024\/07\/b-02-01-768x461.webp 768w\" sizes=\"(max-width: 1000px) 100vw, 1000px\" data-has-transparency=\"false\" data-dominant-color=\"3f312a\" style=\"--dominant-color: #3f312a\" \/>\t\t\t\t\t\t\t\t\t\t\t\t\t\t\t<\/div>\n\t\t\t\t<\/div>\n\t\t\t\t\t<\/div>\n\t\t\t\t<\/div>\n\t\t<div class=\"elementor-element elementor-element-4b746af e-flex e-con-boxed e-con e-parent\" data-id=\"4b746af\" data-element_type=\"container\" data-e-type=\"container\">\n\t\t\t\t\t<div class=\"e-con-inner\">\n\t\t\t\t<div class=\"elementor-element elementor-element-6a687dc elementor-widget elementor-widget-shortcode\" data-id=\"6a687dc\" data-element_type=\"widget\" data-e-type=\"widget\" data-widget_type=\"shortcode.default\">\n\t\t\t\t<div class=\"elementor-widget-container\">\n\t\t\t\t\t\t\t<div class=\"elementor-shortcode\">\n\t\t\t\t<form action=\"\" method=\"post\" class=\"searchandfilter\" data-trp-original-action=\"\">\n\t\t\t\t\t<div><ul><li><input type=\"text\" name=\"ofsearch\" placeholder=\"Suche ...\" value=\"\"><\/li><li><select  name='ofprop_cat' id='ofprop_cat' class='postform'>\n\t<option value='0' selected='selected'>Alle Immobilien Kategorie<\/option>\n\t<option class=\"level-0\" value=\"174\">Wohnungen<\/option>\n\t<option class=\"level-0\" value=\"304\">Ateliers<\/option>\n<\/select>\n<input type=\"hidden\" name=\"ofprop_cat_operator\" value=\"and\" \/><\/li><li><select  name='ofproperty-location' id='ofproperty-location' class='postform'>\n\t<option value='0' selected='selected'>Alle Immobilienstandorte<\/option>\n\t<option class=\"level-0\" value=\"152\">Dubai-UAE<\/option>\n<\/select>\n<input type=\"hidden\" name=\"ofproperty-location_operator\" value=\"and\" \/><\/li><li><select  name='ofproperty-stat' id='ofproperty-stat' class='postform'>\n\t<option value='0' selected='selected'>Alle Eigenschaften Status<\/option>\n\t<option class=\"level-0\" value=\"244\">zu vermieten<\/option>\n\t<option class=\"level-0\" value=\"176\">zu verkaufen<\/option>\n<\/select>\n<input type=\"hidden\" name=\"ofproperty-stat_operator\" value=\"and\" \/><\/li><li><select  name='ofproperty-type' id='ofproperty-type' class='postform'>\n\t<option value='0' selected='selected'>Alle Eigenschaftstyp<\/option>\n\t<option class=\"level-0\" value=\"177\">Wohnungen<\/option>\n\t<option class=\"level-0\" value=\"354\">Penthouse<\/option>\n\t<option class=\"level-0\" value=\"178\">Einzelhandelsgesch\u00e4ft<\/option>\n\t<option class=\"level-0\" value=\"305\">Studio<\/option>\n<\/select>\n<input type=\"hidden\" name=\"ofproperty-type_operator\" value=\"and\" \/><\/li><li><input type=\"hidden\" id=\"_searchandfilter_nonce\" name=\"_searchandfilter_nonce\" value=\"504ba3c43e\" \/><input type=\"hidden\" name=\"_wp_http_referer\" value=\"\/de\/wp-json\/wp\/v2\/pages\/2747\" \/><input type=\"hidden\" name=\"ofsubmitted\" value=\"1\"><input type=\"submit\" value=\"Einreichen\"><\/li><\/ul><\/div><input type=\"hidden\" name=\"trp-form-language\" value=\"de\"\/><\/form>\n<\/div>\n\t\t\t\t\t\t<\/div>\n\t\t\t\t<\/div>\n\t\t\t\t<div class=\"elementor-element elementor-element-189394d elementor-posts--align-center elementor-grid-3 elementor-grid-tablet-2 elementor-grid-mobile-1 elementor-posts--thumbnail-top elementor-widget elementor-widget-posts\" data-id=\"189394d\" data-element_type=\"widget\" data-e-type=\"widget\" data-settings=\"{&quot;pagination_type&quot;:&quot;numbers&quot;,&quot;classic_columns&quot;:&quot;3&quot;,&quot;classic_columns_tablet&quot;:&quot;2&quot;,&quot;classic_columns_mobile&quot;:&quot;1&quot;,&quot;classic_row_gap&quot;:{&quot;unit&quot;:&quot;px&quot;,&quot;size&quot;:35,&quot;sizes&quot;:[]},&quot;classic_row_gap_tablet&quot;:{&quot;unit&quot;:&quot;px&quot;,&quot;size&quot;:&quot;&quot;,&quot;sizes&quot;:[]},&quot;classic_row_gap_mobile&quot;:{&quot;unit&quot;:&quot;px&quot;,&quot;size&quot;:&quot;&quot;,&quot;sizes&quot;:[]}}\" data-widget_type=\"posts.classic\">\n\t\t\t\t<div class=\"elementor-widget-container\">\n\t\t\t\t\t\t\t<div class=\"elementor-posts-container elementor-posts elementor-posts--skin-classic elementor-grid\" role=\"list\">\n\t\t\t\t<article class=\"elementor-post elementor-grid-item post-2890 property type-property status-publish has-post-thumbnail hentry prop_cat-apartments property-location-dubai-uae property-stat-for-sale property-type-apartments\" role=\"listitem\">\n\t\t\t\t<a class=\"elementor-post__thumbnail__link\" href=\"https:\/\/bargo-realestate.com\/de\/property\/vida-residences-at-creek-beach\/\" tabindex=\"-1\" >\n\t\t\t<div class=\"elementor-post__thumbnail\"><img decoding=\"async\" width=\"653\" height=\"499\" src=\"https:\/\/bargo-realestate.com\/wp-content\/uploads\/2024\/06\/Vida-Residences-Creek-Beach-1-jpg.webp\" class=\"attachment-2048x2048 size-2048x2048 wp-image-7449 not-transparent\" alt=\"\" data-has-transparency=\"false\" data-dominant-color=\"80a0b5\" style=\"--dominant-color: #80a0b5\" srcset=\"https:\/\/bargo-realestate.com\/wp-content\/uploads\/2024\/06\/Vida-Residences-Creek-Beach-1-jpg.webp 653w, https:\/\/bargo-realestate.com\/wp-content\/uploads\/2024\/06\/Vida-Residences-Creek-Beach-1-jpg-300x229.webp 300w\" sizes=\"(max-width: 653px) 100vw, 653px\" \/><\/div>\n\t\t<\/a>\n\t\t\t\t<div class=\"elementor-post__text\">\n\t\t\t\t<h3 class=\"elementor-post__title\">\n\t\t\t<a href=\"https:\/\/bargo-realestate.com\/de\/property\/vida-residences-at-creek-beach\/\" >\n\t\t\t\tVida-Residenzen am Creek Beach\t\t\t<\/a>\n\t\t<\/h3>\n\t\t\t\t<div class=\"elementor-post__excerpt\">\n\t\t\t<p>Die spektakul\u00e4r am Strand gelegenen VIDA RESIDENCES at CREEK BEACH sind ein 33-st\u00f6ckiges Markenhochhaus neben dem preisgekr\u00f6nten Vida Hotel. Der Turm<\/p>\n\t\t<\/div>\n\t\t\t\t\t<div class=\"elementor-post__read-more-wrapper\">\n\t\t\n\t\t<a class=\"elementor-post__read-more\" href=\"https:\/\/bargo-realestate.com\/de\/property\/vida-residences-at-creek-beach\/\" aria-label=\"Mehr \u00fcber Vida Residences at Creek Beach\" tabindex=\"-1\" >\n\t\t\tMehr lesen \"\t\t<\/a>\n\n\t\t\t\t\t<\/div>\n\t\t\t\t<\/div>\n\t\t\t\t<\/article>\n\t\t\t\t<article class=\"elementor-post elementor-grid-item post-2985 property type-property status-publish has-post-thumbnail hentry prop_cat-apartments property-location-dubai-uae property-type-retail-shop\" role=\"listitem\">\n\t\t\t\t<a class=\"elementor-post__thumbnail__link\" href=\"https:\/\/bargo-realestate.com\/de\/property\/azizi-riviera-retail-shop\/\" tabindex=\"-1\" >\n\t\t\t<div class=\"elementor-post__thumbnail\"><img decoding=\"async\" width=\"500\" height=\"500\" src=\"https:\/\/bargo-realestate.com\/wp-content\/uploads\/2024\/06\/500x500-riviera-retails.jpg\" class=\"attachment-2048x2048 size-2048x2048 wp-image-3008 not-transparent\" alt=\"Bargo real estate\" data-has-transparency=\"false\" data-dominant-color=\"867f7b\" style=\"--dominant-color: #867f7b\" srcset=\"https:\/\/bargo-realestate.com\/wp-content\/uploads\/2024\/06\/500x500-riviera-retails.jpg 500w, https:\/\/bargo-realestate.com\/wp-content\/uploads\/2024\/06\/500x500-riviera-retails-300x300.webp 300w, https:\/\/bargo-realestate.com\/wp-content\/uploads\/2024\/06\/500x500-riviera-retails-150x150.webp 150w\" sizes=\"(max-width: 500px) 100vw, 500px\" \/><\/div>\n\t\t<\/a>\n\t\t\t\t<div class=\"elementor-post__text\">\n\t\t\t\t<h3 class=\"elementor-post__title\">\n\t\t\t<a href=\"https:\/\/bargo-realestate.com\/de\/property\/azizi-riviera-retail-shop\/\" >\n\t\t\t\tAZIZI RIVIERA EINZELHANDELSGESCH\u00c4FT\t\t\t<\/a>\n\t\t<\/h3>\n\t\t\t\t<div class=\"elementor-post__excerpt\">\n\t\t\t<p>Azizi Riviera 29 in Meydan One von Azizi Developments in Meydan One, eine aufregende Off-Plan-Wiederverkaufsgelegenheit, um in ein erstklassiges Einzelhandelsgesch\u00e4ft am<\/p>\n\t\t<\/div>\n\t\t\t\t\t<div class=\"elementor-post__read-more-wrapper\">\n\t\t\n\t\t<a class=\"elementor-post__read-more\" href=\"https:\/\/bargo-realestate.com\/de\/property\/azizi-riviera-retail-shop\/\" aria-label=\"Mehr \u00fcber AZIZI RIVIERA RETAIL SHOP\" tabindex=\"-1\" >\n\t\t\tMehr lesen \"\t\t<\/a>\n\n\t\t\t\t\t<\/div>\n\t\t\t\t<\/div>\n\t\t\t\t<\/article>\n\t\t\t\t<article class=\"elementor-post elementor-grid-item post-3014 property type-property status-publish has-post-thumbnail hentry prop_cat-apartments property-location-dubai-uae\" role=\"listitem\">\n\t\t\t\t<a class=\"elementor-post__thumbnail__link\" href=\"https:\/\/bargo-realestate.com\/de\/property\/mag-eye\/\" tabindex=\"-1\" >\n\t\t\t<div class=\"elementor-post__thumbnail\"><img loading=\"lazy\" decoding=\"async\" width=\"900\" height=\"900\" src=\"https:\/\/bargo-realestate.com\/wp-content\/uploads\/2024\/06\/Mag-Eye-07.png\" class=\"attachment-2048x2048 size-2048x2048 wp-image-3030\" alt=\"Bargo real estate\" srcset=\"https:\/\/bargo-realestate.com\/wp-content\/uploads\/2024\/06\/Mag-Eye-07.png 900w, https:\/\/bargo-realestate.com\/wp-content\/uploads\/2024\/06\/Mag-Eye-07-300x300.png 300w, https:\/\/bargo-realestate.com\/wp-content\/uploads\/2024\/06\/Mag-Eye-07-150x150.png 150w, https:\/\/bargo-realestate.com\/wp-content\/uploads\/2024\/06\/Mag-Eye-07-768x768.png 768w\" sizes=\"(max-width: 900px) 100vw, 900px\" \/><\/div>\n\t\t<\/a>\n\t\t\t\t<div class=\"elementor-post__text\">\n\t\t\t\t<h3 class=\"elementor-post__title\">\n\t\t\t<a href=\"https:\/\/bargo-realestate.com\/de\/property\/mag-eye\/\" >\n\t\t\t\tMAG Eye Gemeinschaft\t\t\t<\/a>\n\t\t<\/h3>\n\t\t\t\t<div class=\"elementor-post__excerpt\">\n\t\t\t<p>Atemberaubendes 3-Schlafzimmer-Stadthaus zur Miete in der prestigetr\u00e4chtigen MAG Eye-Gemeinde in Dubai Hills Estate. Diese ger\u00e4umige 1400 sqft Eigenschaft bietet eine ruhige Gemeinschaft Blick<\/p>\n\t\t<\/div>\n\t\t\t\t\t<div class=\"elementor-post__read-more-wrapper\">\n\t\t\n\t\t<a class=\"elementor-post__read-more\" href=\"https:\/\/bargo-realestate.com\/de\/property\/mag-eye\/\" aria-label=\"Mehr \u00fcber MAG Eye community\" tabindex=\"-1\" >\n\t\t\tMehr lesen \"\t\t<\/a>\n\n\t\t\t\t\t<\/div>\n\t\t\t\t<\/div>\n\t\t\t\t<\/article>\n\t\t\t\t<article class=\"elementor-post elementor-grid-item post-3469 property type-property status-publish has-post-thumbnail hentry prop_cat-apartments property-location-dubai-uae property-stat-for-sale property-type-apartments\" role=\"listitem\">\n\t\t\t\t<a class=\"elementor-post__thumbnail__link\" href=\"https:\/\/bargo-realestate.com\/de\/property\/jumeirah-gate-tower-1-2\/\" tabindex=\"-1\" >\n\t\t\t<div class=\"elementor-post__thumbnail\"><img loading=\"lazy\" decoding=\"async\" width=\"833\" height=\"768\" src=\"https:\/\/bargo-realestate.com\/wp-content\/uploads\/2024\/06\/413233443-1-jpg.webp\" class=\"attachment-2048x2048 size-2048x2048 wp-image-7451 not-transparent\" alt=\"\" data-has-transparency=\"false\" data-dominant-color=\"78a8c8\" style=\"--dominant-color: #78a8c8\" srcset=\"https:\/\/bargo-realestate.com\/wp-content\/uploads\/2024\/06\/413233443-1-jpg.webp 833w, https:\/\/bargo-realestate.com\/wp-content\/uploads\/2024\/06\/413233443-1-jpg-300x277.webp 300w, https:\/\/bargo-realestate.com\/wp-content\/uploads\/2024\/06\/413233443-1-jpg-768x708.webp 768w\" sizes=\"(max-width: 833px) 100vw, 833px\" \/><\/div>\n\t\t<\/a>\n\t\t\t\t<div class=\"elementor-post__text\">\n\t\t\t\t<h3 class=\"elementor-post__title\">\n\t\t\t<a href=\"https:\/\/bargo-realestate.com\/de\/property\/jumeirah-gate-tower-1-2\/\" >\n\t\t\t\tJumeirah Gate Turm 1\t\t\t<\/a>\n\t\t<\/h3>\n\t\t\t\t<div class=\"elementor-post__excerpt\">\n\t\t\t<p>In Dubai, einen 10-min\u00fctigen Spaziergang vom Hidden Beach und 0,7 Meilen vom Marina Beach entfernt, befindet sich das 1 BR Luxury Apartment im Jumeirah Gate Tower 1 The<\/p>\n\t\t<\/div>\n\t\t\t\t\t<div class=\"elementor-post__read-more-wrapper\">\n\t\t\n\t\t<a class=\"elementor-post__read-more\" href=\"https:\/\/bargo-realestate.com\/de\/property\/jumeirah-gate-tower-1-2\/\" aria-label=\"Mehr \u00fcber Jumeirah Gate Tower 1\" tabindex=\"-1\" >\n\t\t\tMehr lesen \"\t\t<\/a>\n\n\t\t\t\t\t<\/div>\n\t\t\t\t<\/div>\n\t\t\t\t<\/article>\n\t\t\t\t<article class=\"elementor-post elementor-grid-item post-3770 property type-property status-publish has-post-thumbnail hentry prop_cat-apartments property-location-dubai-uae property-stat-for-sale property-type-apartments\" role=\"listitem\">\n\t\t\t\t<a class=\"elementor-post__thumbnail__link\" href=\"https:\/\/bargo-realestate.com\/de\/property\/dream-tower-dubai-marina\/\" tabindex=\"-1\" >\n\t\t\t<div class=\"elementor-post__thumbnail\"><img loading=\"lazy\" decoding=\"async\" width=\"1600\" height=\"1067\" src=\"https:\/\/bargo-realestate.com\/wp-content\/uploads\/2024\/07\/WhatsApp-Image-2024-07-02-at-3.47.30-PM-jpeg.webp\" class=\"attachment-2048x2048 size-2048x2048 wp-image-3771 not-transparent\" alt=\"Bargo real estate\" data-has-transparency=\"false\" data-dominant-color=\"808a88\" style=\"--dominant-color: #808a88\" srcset=\"https:\/\/bargo-realestate.com\/wp-content\/uploads\/2024\/07\/WhatsApp-Image-2024-07-02-at-3.47.30-PM-jpeg.webp 1600w, https:\/\/bargo-realestate.com\/wp-content\/uploads\/2024\/07\/WhatsApp-Image-2024-07-02-at-3.47.30-PM-jpeg-300x200.webp 300w, https:\/\/bargo-realestate.com\/wp-content\/uploads\/2024\/07\/WhatsApp-Image-2024-07-02-at-3.47.30-PM-jpeg-1024x683.webp 1024w, https:\/\/bargo-realestate.com\/wp-content\/uploads\/2024\/07\/WhatsApp-Image-2024-07-02-at-3.47.30-PM-jpeg-768x512.webp 768w, https:\/\/bargo-realestate.com\/wp-content\/uploads\/2024\/07\/WhatsApp-Image-2024-07-02-at-3.47.30-PM-jpeg-1536x1024.webp 1536w\" sizes=\"(max-width: 1600px) 100vw, 1600px\" \/><\/div>\n\t\t<\/a>\n\t\t\t\t<div class=\"elementor-post__text\">\n\t\t\t\t<h3 class=\"elementor-post__title\">\n\t\t\t<a href=\"https:\/\/bargo-realestate.com\/de\/property\/dream-tower-dubai-marina\/\" >\n\t\t\t\tDream Tower | Dubai Marina\t\t\t<\/a>\n\t\t<\/h3>\n\t\t\t\t<div class=\"elementor-post__excerpt\">\n\t\t\t<p>Dream Tower ist eine ikonische Wohnanlage im Herzen von Dubai Marina, einer der prestigetr\u00e4chtigsten Hafengemeinden in Dubai. Dieses luxuri\u00f6se<\/p>\n\t\t<\/div>\n\t\t\t\t\t<div class=\"elementor-post__read-more-wrapper\">\n\t\t\n\t\t<a class=\"elementor-post__read-more\" href=\"https:\/\/bargo-realestate.com\/de\/property\/dream-tower-dubai-marina\/\" aria-label=\"Mehr \u00fcber Dream Tower | Dubai Marina\" tabindex=\"-1\" >\n\t\t\tMehr lesen \"\t\t<\/a>\n\n\t\t\t\t\t<\/div>\n\t\t\t\t<\/div>\n\t\t\t\t<\/article>\n\t\t\t\t<article class=\"elementor-post elementor-grid-item post-4037 property type-property status-publish has-post-thumbnail hentry prop_cat-apartments property-location-dubai-uae property-stat-for-sale property-type-apartments\" role=\"listitem\">\n\t\t\t\t<a class=\"elementor-post__thumbnail__link\" href=\"https:\/\/bargo-realestate.com\/de\/property\/beach-isle-t1\/\" tabindex=\"-1\" >\n\t\t\t<div class=\"elementor-post__thumbnail\"><img loading=\"lazy\" decoding=\"async\" width=\"870\" height=\"420\" src=\"https:\/\/bargo-realestate.com\/wp-content\/uploads\/2024\/07\/Emaar-Beachfront-South-Beach-Emaar-Properties-investindxbclub-1-870x420-1.jpg\" class=\"attachment-2048x2048 size-2048x2048 wp-image-7453 not-transparent\" alt=\"\" data-has-transparency=\"false\" data-dominant-color=\"545f6c\" style=\"--dominant-color: #545f6c\" srcset=\"https:\/\/bargo-realestate.com\/wp-content\/uploads\/2024\/07\/Emaar-Beachfront-South-Beach-Emaar-Properties-investindxbclub-1-870x420-1.jpg 870w, https:\/\/bargo-realestate.com\/wp-content\/uploads\/2024\/07\/Emaar-Beachfront-South-Beach-Emaar-Properties-investindxbclub-1-870x420-1-300x145.webp 300w, https:\/\/bargo-realestate.com\/wp-content\/uploads\/2024\/07\/Emaar-Beachfront-South-Beach-Emaar-Properties-investindxbclub-1-870x420-1-768x371.webp 768w\" sizes=\"(max-width: 870px) 100vw, 870px\" \/><\/div>\n\t\t<\/a>\n\t\t\t\t<div class=\"elementor-post__text\">\n\t\t\t\t<h3 class=\"elementor-post__title\">\n\t\t\t<a href=\"https:\/\/bargo-realestate.com\/de\/property\/beach-isle-t1\/\" >\n\t\t\t\tStrandinsel T1\t\t\t<\/a>\n\t\t<\/h3>\n\t\t\t\t<div class=\"elementor-post__excerpt\">\n\t\t\t<p>Entdecken Sie die wahre Bedeutung von anspruchsvollem Leben auf Dubais exklusivster Insel, wo der blaue Himmel eine Verl\u00e4ngerung des offenen Meeres ist, wo au\u00dfergew\u00f6hnliche<\/p>\n\t\t<\/div>\n\t\t\t\t\t<div class=\"elementor-post__read-more-wrapper\">\n\t\t\n\t\t<a class=\"elementor-post__read-more\" href=\"https:\/\/bargo-realestate.com\/de\/property\/beach-isle-t1\/\" aria-label=\"Mehr \u00fcber Beach Isle T1\" tabindex=\"-1\" >\n\t\t\tMehr lesen \"\t\t<\/a>\n\n\t\t\t\t\t<\/div>\n\t\t\t\t<\/div>\n\t\t\t\t<\/article>\n\t\t\t\t<\/div>\n\t\t\n\t\t\t\t<div class=\"e-load-more-anchor\" data-page=\"1\" data-max-page=\"2\" data-next-page=\"https:\/\/bargo-realestate.com\/de\/wp-json\/wp\/v2\/pages\/2747\/page\/2\/\"><\/div>\n\t\t\t\t<nav class=\"elementor-pagination\" aria-label=\"Seitennummerierung\">\n\t\t\t<span aria-current=\"page\" class=\"page-numbers current\"><span class=\"elementor-screen-only\">Seite<\/span>1<\/span>\n<a class=\"page-numbers\" href=\"https:\/\/bargo-realestate.com\/de\/wp-json\/wp\/v2\/pages\/2747\/page\/2\/\"><span class=\"elementor-screen-only\">Seite<\/span>2<\/a>\t\t<\/nav>\n\t\t\t\t\t\t<\/div>\n\t\t\t\t<\/div>\n\t\t\t\t\t<\/div>\n\t\t\t\t<\/div>\n\t\t\t\t<\/div>","protected":false},"excerpt":{"rendered":"<p>At Bargo Real Estate, we pride ourselves on offering a diverse portfolio of Secondary Properties in UAE ,Dubai , catering to a wide range of preferences and investment goals. Our extensive collection includes luxurious residences, prime commercial spaces, and master-planned communities, each designed to meet the unique needs of our discerning clientele. Dubai is a [&hellip;]<\/p>\n","protected":false},"author":1,"featured_media":0,"parent":0,"menu_order":0,"comment_status":"closed","ping_status":"closed","template":"elementor_header_footer","meta":{"_acf_changed":false,"_sitemap_exclude":false,"_sitemap_priority":"","_sitemap_frequency":"","footnotes":""},"class_list":["post-2747","page","type-page","status-publish","hentry"],"acf":[],"_links":{"self":[{"href":"https:\/\/bargo-realestate.com\/de\/wp-json\/wp\/v2\/pages\/2747","targetHints":{"allow":["GET"]}}],"collection":[{"href":"https:\/\/bargo-realestate.com\/de\/wp-json\/wp\/v2\/pages"}],"about":[{"href":"https:\/\/bargo-realestate.com\/de\/wp-json\/wp\/v2\/types\/page"}],"author":[{"embeddable":true,"href":"https:\/\/bargo-realestate.com\/de\/wp-json\/wp\/v2\/users\/1"}],"replies":[{"embeddable":true,"href":"https:\/\/bargo-realestate.com\/de\/wp-json\/wp\/v2\/comments?post=2747"}],"version-history":[{"count":0,"href":"https:\/\/bargo-realestate.com\/de\/wp-json\/wp\/v2\/pages\/2747\/revisions"}],"wp:attachment":[{"href":"https:\/\/bargo-realestate.com\/de\/wp-json\/wp\/v2\/media?parent=2747"}],"curies":[{"name":"wp","href":"https:\/\/api.w.org\/{rel}","templated":true}]}}